{"id":393,"date":"2022-11-20T12:46:58","date_gmt":"2022-11-20T12:46:58","guid":{"rendered":"https:\/\/shop.kiirasinstruments.com\/?post_type=product&#038;p=393"},"modified":"2023-11-19T09:15:59","modified_gmt":"2023-11-19T09:15:59","slug":"dunlop-6-heavy-core-strings","status":"publish","type":"product","link":"https:\/\/shop.kiirasinstruments.com\/fi\/product\/dunlop-6-heavy-core-strings\/","title":{"rendered":"Dunlop Heavy Core kielet 6-kielisille"},"content":{"rendered":"<p>Dunlop s\u00e4hk\u00f6kitaran kielet 6-kielisille kitaroille<\/p>\n<ul>\n<li>Valmistettu Kaliforniassa, Yhdysvalloissa.<\/li>\n<li>Kiiras Instruments ensiasennuskieli jo vuosia.<\/li>\n<li>6-kulmainen ydinlanka, lis\u00e4\u00e4 j\u00e4nnitett\u00e4 -> parempi mataliin vireisiin<\/li>\n<li>Vahvuudet:\n<ul>\n<li>10-48<\/li>\n<li>11-50<\/li>\n<li>12-54<\/li>\n<\/ul>\n<\/li>\n<li>Kielet tilattavissa, toimitusaika varastotilanteesta riippuen 1-5 vrk.\n<ul>\n<li>Otan yhteytt\u00e4 mik\u00e4li pidempi toimitusaika riippuen esim. maahantuojan varastosta.<\/li>\n<\/ul>\n<\/li>\n<li>M\u00e4\u00e4r\u00e4alennus 6kpl: -15%\n<ul>\n<li>M\u00e4\u00e4r\u00e4 voi sis\u00e4lt\u00e4\u00e4 eri vahvuuksia<\/li>\n<\/ul>\n<\/li>\n<li>Valmistajan sivut:\n<ul>\n<li><a href=\"https:\/\/www.jimdunlop.com\/\" target=\"_blank\" rel=\"noopener\">www.jimdunlop.com<\/a><\/li>\n<\/ul>\n<\/li>\n<li>Laske oikea kielivahvuudet haluamallesi vireelle:\n<ul>\n<li><a href=\"https:\/\/kiirasinstruments.com\/electric-guitar-string-tension-calculator\/\">Electric guitar string tension calculator &#8211; Kiiras Instruments<\/a><\/li>\n<\/ul>\n<\/li>\n<\/ul>\n","protected":false},"excerpt":{"rendered":"<p><span class=\"more-button\"><a href=\"https:\/\/shop.kiirasinstruments.com\/fi\/product\/dunlop-6-heavy-core-strings\/\" class=\"more-link more-icon\">Continue reading<span class=\"screen-reader-text\">Dunlop Heavy Core kielet 6-kielisille<\/span><\/a><\/span><\/p>\n","protected":false},"featured_media":403,"comment_status":"open","ping_status":"closed","template":"","meta":[],"product_brand":[],"product_cat":[22,21],"product_tag":[],"class_list":{"0":"post-393","1":"product","2":"type-product","3":"status-publish","4":"has-post-thumbnail","6":"product_cat-strings","7":"product_cat-guitar-accessories","8":"product_shipping_class-posti-pikkupaketti","10":"first","11":"instock","12":"taxable","13":"shipping-taxable","14":"purchasable","15":"product-type-variable"},"aioseo_notices":[],"jetpack_sharing_enabled":true,"_links":{"self":[{"href":"https:\/\/shop.kiirasinstruments.com\/fi\/wp-json\/wp\/v2\/product\/393","targetHints":{"allow":["GET"]}}],"collection":[{"href":"https:\/\/shop.kiirasinstruments.com\/fi\/wp-json\/wp\/v2\/product"}],"about":[{"href":"https:\/\/shop.kiirasinstruments.com\/fi\/wp-json\/wp\/v2\/types\/product"}],"replies":[{"embeddable":true,"href":"https:\/\/shop.kiirasinstruments.com\/fi\/wp-json\/wp\/v2\/comments?post=393"}],"wp:featuredmedia":[{"embeddable":true,"href":"https:\/\/shop.kiirasinstruments.com\/fi\/wp-json\/wp\/v2\/media\/403"}],"wp:attachment":[{"href":"https:\/\/shop.kiirasinstruments.com\/fi\/wp-json\/wp\/v2\/media?parent=393"}],"wp:term":[{"taxonomy":"product_brand","embeddable":true,"href":"https:\/\/shop.kiirasinstruments.com\/fi\/wp-json\/wp\/v2\/product_brand?post=393"},{"taxonomy":"product_cat","embeddable":true,"href":"https:\/\/shop.kiirasinstruments.com\/fi\/wp-json\/wp\/v2\/product_cat?post=393"},{"taxonomy":"product_tag","embeddable":true,"href":"https:\/\/shop.kiirasinstruments.com\/fi\/wp-json\/wp\/v2\/product_tag?post=393"}],"curies":[{"name":"wp","href":"https:\/\/api.w.org\/{rel}","templated":true}]}}