{"id":2147,"date":"2024-11-18T13:08:56","date_gmt":"2024-11-18T13:08:56","guid":{"rendered":"https:\/\/shop.kiirasinstruments.com\/fi\/?post_type=product&#038;p=2147"},"modified":"2024-11-20T13:21:36","modified_gmt":"2024-11-20T13:21:36","slug":"kitaran-kielikorkeusmittari-ruostumatonta-terasta","status":"publish","type":"product","link":"https:\/\/shop.kiirasinstruments.com\/fi\/product\/kitaran-kielikorkeusmittari-ruostumatonta-terasta\/","title":{"rendered":"Kitaran kielikorkeusmittari &#8211; Ruostumatonta ter\u00e4st\u00e4"},"content":{"rendered":"<p>Kitaran kielikorkeusmittari &#8211; Ruostumatonta ter\u00e4st\u00e4<\/p>\n","protected":false},"excerpt":{"rendered":"<p><span class=\"more-button\"><a href=\"https:\/\/shop.kiirasinstruments.com\/fi\/product\/kitaran-kielikorkeusmittari-ruostumatonta-terasta\/\" class=\"more-link more-icon\">Continue reading<span class=\"screen-reader-text\">Kitaran kielikorkeusmittari &#8211; Ruostumatonta ter\u00e4st\u00e4<\/span><\/a><\/span><\/p>\n","protected":false},"featured_media":2127,"comment_status":"open","ping_status":"closed","template":"","meta":[],"product_brand":[],"product_cat":[107],"product_tag":[],"class_list":{"0":"post-2147","1":"product","2":"type-product","3":"status-publish","4":"has-post-thumbnail","6":"product_cat-tools","8":"first","9":"instock","10":"taxable","11":"shipping-taxable","12":"purchasable","13":"product-type-simple"},"aioseo_notices":[],"jetpack_sharing_enabled":true,"_links":{"self":[{"href":"https:\/\/shop.kiirasinstruments.com\/fi\/wp-json\/wp\/v2\/product\/2147","targetHints":{"allow":["GET"]}}],"collection":[{"href":"https:\/\/shop.kiirasinstruments.com\/fi\/wp-json\/wp\/v2\/product"}],"about":[{"href":"https:\/\/shop.kiirasinstruments.com\/fi\/wp-json\/wp\/v2\/types\/product"}],"replies":[{"embeddable":true,"href":"https:\/\/shop.kiirasinstruments.com\/fi\/wp-json\/wp\/v2\/comments?post=2147"}],"wp:featuredmedia":[{"embeddable":true,"href":"https:\/\/shop.kiirasinstruments.com\/fi\/wp-json\/wp\/v2\/media\/2127"}],"wp:attachment":[{"href":"https:\/\/shop.kiirasinstruments.com\/fi\/wp-json\/wp\/v2\/media?parent=2147"}],"wp:term":[{"taxonomy":"product_brand","embeddable":true,"href":"https:\/\/shop.kiirasinstruments.com\/fi\/wp-json\/wp\/v2\/product_brand?post=2147"},{"taxonomy":"product_cat","embeddable":true,"href":"https:\/\/shop.kiirasinstruments.com\/fi\/wp-json\/wp\/v2\/product_cat?post=2147"},{"taxonomy":"product_tag","embeddable":true,"href":"https:\/\/shop.kiirasinstruments.com\/fi\/wp-json\/wp\/v2\/product_tag?post=2147"}],"curies":[{"name":"wp","href":"https:\/\/api.w.org\/{rel}","templated":true}]}}