{"id":1829,"date":"2024-06-11T10:54:33","date_gmt":"2024-06-11T10:54:33","guid":{"rendered":"https:\/\/shop.kiirasinstruments.com\/en\/?post_type=product&#038;p=1829"},"modified":"2025-06-17T09:42:31","modified_gmt":"2025-06-17T09:42:31","slug":"guitar-pickup-height-screw-for-surface-mount-black","status":"publish","type":"product","link":"https:\/\/shop.kiirasinstruments.com\/fi\/product\/guitar-pickup-height-screw-for-surface-mount-black\/","title":{"rendered":"Kitaramikin korkeudens\u00e4\u00e4t\u00f6ruuvi &#8211; pinta-asennus &#8211; musta &#8211; PRO"},"content":{"rendered":"<p>Kitaramikin korkeudens\u00e4\u00e4t\u00f6ruuvi &#8211; pinta-asennus &#8211; musta<\/p>\n","protected":false},"excerpt":{"rendered":"<p><span class=\"more-button\"><a href=\"https:\/\/shop.kiirasinstruments.com\/fi\/product\/guitar-pickup-height-screw-for-surface-mount-black\/\" class=\"more-link more-icon\">Continue reading<span class=\"screen-reader-text\">Kitaramikin korkeudens\u00e4\u00e4t\u00f6ruuvi &#8211; pinta-asennus &#8211; musta &#8211; PRO<\/span><\/a><\/span><\/p>\n","protected":false},"featured_media":1746,"comment_status":"open","ping_status":"closed","template":"","meta":[],"product_brand":[],"product_cat":[54,55],"product_tag":[],"class_list":{"0":"post-1829","1":"product","2":"type-product","3":"status-publish","4":"has-post-thumbnail","6":"product_cat-screws","7":"product_cat-soitinrakennustarvikkeet","9":"first","10":"instock","11":"taxable","12":"shipping-taxable","13":"purchasable","14":"product-type-variable"},"aioseo_notices":[],"jetpack_sharing_enabled":true,"_links":{"self":[{"href":"https:\/\/shop.kiirasinstruments.com\/fi\/wp-json\/wp\/v2\/product\/1829","targetHints":{"allow":["GET"]}}],"collection":[{"href":"https:\/\/shop.kiirasinstruments.com\/fi\/wp-json\/wp\/v2\/product"}],"about":[{"href":"https:\/\/shop.kiirasinstruments.com\/fi\/wp-json\/wp\/v2\/types\/product"}],"replies":[{"embeddable":true,"href":"https:\/\/shop.kiirasinstruments.com\/fi\/wp-json\/wp\/v2\/comments?post=1829"}],"wp:featuredmedia":[{"embeddable":true,"href":"https:\/\/shop.kiirasinstruments.com\/fi\/wp-json\/wp\/v2\/media\/1746"}],"wp:attachment":[{"href":"https:\/\/shop.kiirasinstruments.com\/fi\/wp-json\/wp\/v2\/media?parent=1829"}],"wp:term":[{"taxonomy":"product_brand","embeddable":true,"href":"https:\/\/shop.kiirasinstruments.com\/fi\/wp-json\/wp\/v2\/product_brand?post=1829"},{"taxonomy":"product_cat","embeddable":true,"href":"https:\/\/shop.kiirasinstruments.com\/fi\/wp-json\/wp\/v2\/product_cat?post=1829"},{"taxonomy":"product_tag","embeddable":true,"href":"https:\/\/shop.kiirasinstruments.com\/fi\/wp-json\/wp\/v2\/product_tag?post=1829"}],"curies":[{"name":"wp","href":"https:\/\/api.w.org\/{rel}","templated":true}]}}