{"id":1381,"date":"2024-01-05T09:14:25","date_gmt":"2024-01-05T09:14:25","guid":{"rendered":"https:\/\/shop.kiirasinstruments.com\/?post_type=product&#038;p=1381"},"modified":"2024-06-11T11:13:53","modified_gmt":"2024-06-11T11:13:53","slug":"neck-bolts-with-threaded-inserts","status":"publish","type":"product","link":"https:\/\/shop.kiirasinstruments.com\/fi\/product\/neck-bolts-with-threaded-inserts\/","title":{"rendered":"Kitaran kaulapultit ja kierreaseteet"},"content":{"rendered":"<p>Uppokantaruuvit sek\u00e4 kierreasetteet s\u00e4hk\u00f6kitaran kaulapulteiksi, k\u00e4yt\u00e4n samoja pultteja ja asetteita omissa kitaroissani.<\/p>\n<ul>\n<li>Pultti\n<ul>\n<li>M6x30mm<\/li>\n<li>Erikoiskova &#8211; 12.9 lujuus<\/li>\n<li>Avainv\u00e4li 4mm kuusiokolo (HEX4)<\/li>\n<li>Musta<\/li>\n<\/ul>\n<\/li>\n<li>Aluslevy\n<ul>\n<li>Ulkohalkaisija 18mm<\/li>\n<li>Korkeus 3.5mm<\/li>\n<li>Reik\u00e4 6.4mm<\/li>\n<\/ul>\n<\/li>\n<li>Kierreasete\n<ul>\n<li>Pituus n. 13mm<\/li>\n<li>Porattavan rei\u00e4n halkaisija 8mm<\/li>\n<li>Ulkokierteen halkaisja n. 12mm<\/li>\n<li>Sis\u00e4kierre M6<\/li>\n<\/ul>\n<\/li>\n<li>Sis\u00e4lt\u00e4\u00e4 4kpl pultteja ja aluslevyj\u00e4 TAI 4kpl kierreasetteita.<\/li>\n<\/ul>\n","protected":false},"excerpt":{"rendered":"<p><span class=\"more-button\"><a href=\"https:\/\/shop.kiirasinstruments.com\/fi\/product\/neck-bolts-with-threaded-inserts\/\" class=\"more-link more-icon\">Continue reading<span class=\"screen-reader-text\">Kitaran kaulapultit ja kierreaseteet<\/span><\/a><\/span><\/p>\n","protected":false},"featured_media":1483,"comment_status":"open","ping_status":"closed","template":"","meta":[],"product_brand":[],"product_cat":[84,54,55],"product_tag":[],"class_list":{"0":"post-1381","1":"product","2":"type-product","3":"status-publish","4":"has-post-thumbnail","6":"product_cat-osat-hardware","7":"product_cat-screws","8":"product_cat-soitinrakennustarvikkeet","9":"product_shipping_class-posti-postipaketti","11":"first","12":"instock","13":"taxable","14":"shipping-taxable","15":"purchasable","16":"product-type-variable"},"aioseo_notices":[],"jetpack_sharing_enabled":true,"_links":{"self":[{"href":"https:\/\/shop.kiirasinstruments.com\/fi\/wp-json\/wp\/v2\/product\/1381","targetHints":{"allow":["GET"]}}],"collection":[{"href":"https:\/\/shop.kiirasinstruments.com\/fi\/wp-json\/wp\/v2\/product"}],"about":[{"href":"https:\/\/shop.kiirasinstruments.com\/fi\/wp-json\/wp\/v2\/types\/product"}],"replies":[{"embeddable":true,"href":"https:\/\/shop.kiirasinstruments.com\/fi\/wp-json\/wp\/v2\/comments?post=1381"}],"wp:featuredmedia":[{"embeddable":true,"href":"https:\/\/shop.kiirasinstruments.com\/fi\/wp-json\/wp\/v2\/media\/1483"}],"wp:attachment":[{"href":"https:\/\/shop.kiirasinstruments.com\/fi\/wp-json\/wp\/v2\/media?parent=1381"}],"wp:term":[{"taxonomy":"product_brand","embeddable":true,"href":"https:\/\/shop.kiirasinstruments.com\/fi\/wp-json\/wp\/v2\/product_brand?post=1381"},{"taxonomy":"product_cat","embeddable":true,"href":"https:\/\/shop.kiirasinstruments.com\/fi\/wp-json\/wp\/v2\/product_cat?post=1381"},{"taxonomy":"product_tag","embeddable":true,"href":"https:\/\/shop.kiirasinstruments.com\/fi\/wp-json\/wp\/v2\/product_tag?post=1381"}],"curies":[{"name":"wp","href":"https:\/\/api.w.org\/{rel}","templated":true}]}}