{"id":1345,"date":"2023-12-20T07:26:40","date_gmt":"2023-12-20T07:26:40","guid":{"rendered":"https:\/\/shop.kiirasinstruments.com\/?post_type=product&#038;p=1345"},"modified":"2025-09-03T05:26:08","modified_gmt":"2025-09-03T05:26:08","slug":"kaularauta-2-toiminen-420-460mm","status":"publish","type":"product","link":"https:\/\/shop.kiirasinstruments.com\/fi\/product\/kaularauta-2-toiminen-420-460mm\/","title":{"rendered":"Kaularauta &#8211; 2-toiminen &#8211; 420-460mm"},"content":{"rendered":"<p>Kaularauta<\/p>\n<ul>\n<li>2-toiminen<\/li>\n<li>4mm kuusiokolo avain<\/li>\n<li>Pituudet 420, 440, ja 460mm,\n<ul>\n<li>S\u00e4\u00e4t\u00f6p\u00e4\u00e4n leveyn n. 10mm, asennusura 6x9mm<\/li>\n<\/ul>\n<\/li>\n<\/ul>\n","protected":false},"excerpt":{"rendered":"<p><span class=\"more-button\"><a href=\"https:\/\/shop.kiirasinstruments.com\/fi\/product\/kaularauta-2-toiminen-420-460mm\/\" class=\"more-link more-icon\">Continue reading<span class=\"screen-reader-text\">Kaularauta &#8211; 2-toiminen &#8211; 420-460mm<\/span><\/a><\/span><\/p>\n","protected":false},"featured_media":1347,"comment_status":"open","ping_status":"closed","template":"","meta":[],"product_brand":[],"product_cat":[84,55],"product_tag":[],"class_list":{"0":"post-1345","1":"product","2":"type-product","3":"status-publish","4":"has-post-thumbnail","6":"product_cat-osat-hardware","7":"product_cat-soitinrakennustarvikkeet","8":"product_shipping_class-posti-postipaketti","10":"first","11":"instock","12":"taxable","13":"shipping-taxable","14":"purchasable","15":"product-type-variable"},"aioseo_notices":[],"jetpack_sharing_enabled":true,"_links":{"self":[{"href":"https:\/\/shop.kiirasinstruments.com\/fi\/wp-json\/wp\/v2\/product\/1345","targetHints":{"allow":["GET"]}}],"collection":[{"href":"https:\/\/shop.kiirasinstruments.com\/fi\/wp-json\/wp\/v2\/product"}],"about":[{"href":"https:\/\/shop.kiirasinstruments.com\/fi\/wp-json\/wp\/v2\/types\/product"}],"replies":[{"embeddable":true,"href":"https:\/\/shop.kiirasinstruments.com\/fi\/wp-json\/wp\/v2\/comments?post=1345"}],"wp:featuredmedia":[{"embeddable":true,"href":"https:\/\/shop.kiirasinstruments.com\/fi\/wp-json\/wp\/v2\/media\/1347"}],"wp:attachment":[{"href":"https:\/\/shop.kiirasinstruments.com\/fi\/wp-json\/wp\/v2\/media?parent=1345"}],"wp:term":[{"taxonomy":"product_brand","embeddable":true,"href":"https:\/\/shop.kiirasinstruments.com\/fi\/wp-json\/wp\/v2\/product_brand?post=1345"},{"taxonomy":"product_cat","embeddable":true,"href":"https:\/\/shop.kiirasinstruments.com\/fi\/wp-json\/wp\/v2\/product_cat?post=1345"},{"taxonomy":"product_tag","embeddable":true,"href":"https:\/\/shop.kiirasinstruments.com\/fi\/wp-json\/wp\/v2\/product_tag?post=1345"}],"curies":[{"name":"wp","href":"https:\/\/api.w.org\/{rel}","templated":true}]}}