{"id":1221,"date":"2023-11-27T12:11:27","date_gmt":"2023-11-27T12:11:27","guid":{"rendered":"https:\/\/shop.kiirasinstruments.com\/fi\/?post_type=product&#038;p=1221"},"modified":"2024-07-26T11:17:10","modified_gmt":"2024-07-26T11:17:10","slug":"kiirashaka-mini-hierontakoukku","status":"publish","type":"product","link":"https:\/\/shop.kiirasinstruments.com\/fi\/product\/kiirashaka-mini-hierontakoukku\/","title":{"rendered":"KiirasHaka Mini &#8221;Waaksa&#8221; &#8211; hierontakoukku"},"content":{"rendered":"<p>Niska- &#038; hartiahieroja &#8221;Waaksa&#8221;, hierontakoukku. Kehitetty ja valmistettu Suomessa.<\/p>\n<ul>\n<li>Mini-malli erityisesti niskan \/ ep\u00e4k\u00e4slihasen hierontaan.\n<ul>\n<li>Ns. triggerpisteiden painelulla lievittyy niska-, p\u00e4\u00e4-, hartia-, ja k\u00e4sivarsikivut.<\/li>\n<li>Katso lis\u00e4\u00e4 esim. <a href=\"http:\/\/triggerpoints.net\" target=\"_blank\" rel=\"noopener\">triggerpoints.net<\/a>\n<ul>\n<li>Valitse kartasta kipualue -> kipupiste -> kartta n\u00e4ytt\u00e4\u00e4 X merkittyn\u00e4 ns. triggerpisteen josta painaa<\/li>\n<\/ul>\n<\/li>\n<\/ul>\n<\/li>\n<li>Katso my\u00f6s normaali <a href=\"https:\/\/shop.kiirasinstruments.com\/fi\/product\/kiirashaka-hierontakoukku-neck-shoulder-massager\/\" target=\"_blank\" rel=\"noopener\">Kiirashaka<\/a><\/li>\n<li>Valmistettu omalla verstaallani Suomessa\n<ul>\n<li>Katso valmistusvideo YouTubesta: <a href=\"https:\/\/youtu.be\/-lk2GcrUhV8\" target=\"_blank\" rel=\"noopener\">KiirasHaka &#8211; Making of<\/a><\/li>\n<li>18mm vahvaa koivuvaneria<\/li>\n<\/ul>\n<\/li>\n<li>V\u00e4rit\n<ul>\n<li>Blondi \/ vaalea<\/li>\n<li>Rustiikinen ruskea<\/li>\n<li>Musta<\/li>\n<\/ul>\n<\/li>\n<li>Kulutusta kest\u00e4v\u00e4, puolihimme\u00e4 lakkaus<\/li>\n<li>Itsehoitotuote, k\u00e4ytt\u00f6 omalla vastuulla<\/li>\n<li>Voit valita eri v\u00e4rej\u00e4 m\u00e4\u00e4r\u00e4alennusta varten<\/li>\n<\/ul>\n","protected":false},"excerpt":{"rendered":"<p><span class=\"more-button\"><a href=\"https:\/\/shop.kiirasinstruments.com\/fi\/product\/kiirashaka-mini-hierontakoukku\/\" class=\"more-link more-icon\">Continue reading<span class=\"screen-reader-text\">KiirasHaka Mini &#8221;Waaksa&#8221; &#8211; hierontakoukku<\/span><\/a><\/span><\/p>\n","protected":false},"featured_media":1291,"comment_status":"open","ping_status":"closed","template":"","meta":[],"product_brand":[],"product_cat":[40],"product_tag":[],"class_list":{"0":"post-1221","1":"product","2":"type-product","3":"status-publish","4":"has-post-thumbnail","6":"product_cat-kiirashaka","7":"product_shipping_class-kiirashaka","9":"first","10":"instock","11":"taxable","12":"shipping-taxable","13":"purchasable","14":"product-type-variable"},"aioseo_notices":[],"jetpack_sharing_enabled":true,"_links":{"self":[{"href":"https:\/\/shop.kiirasinstruments.com\/fi\/wp-json\/wp\/v2\/product\/1221","targetHints":{"allow":["GET"]}}],"collection":[{"href":"https:\/\/shop.kiirasinstruments.com\/fi\/wp-json\/wp\/v2\/product"}],"about":[{"href":"https:\/\/shop.kiirasinstruments.com\/fi\/wp-json\/wp\/v2\/types\/product"}],"replies":[{"embeddable":true,"href":"https:\/\/shop.kiirasinstruments.com\/fi\/wp-json\/wp\/v2\/comments?post=1221"}],"wp:featuredmedia":[{"embeddable":true,"href":"https:\/\/shop.kiirasinstruments.com\/fi\/wp-json\/wp\/v2\/media\/1291"}],"wp:attachment":[{"href":"https:\/\/shop.kiirasinstruments.com\/fi\/wp-json\/wp\/v2\/media?parent=1221"}],"wp:term":[{"taxonomy":"product_brand","embeddable":true,"href":"https:\/\/shop.kiirasinstruments.com\/fi\/wp-json\/wp\/v2\/product_brand?post=1221"},{"taxonomy":"product_cat","embeddable":true,"href":"https:\/\/shop.kiirasinstruments.com\/fi\/wp-json\/wp\/v2\/product_cat?post=1221"},{"taxonomy":"product_tag","embeddable":true,"href":"https:\/\/shop.kiirasinstruments.com\/fi\/wp-json\/wp\/v2\/product_tag?post=1221"}],"curies":[{"name":"wp","href":"https:\/\/api.w.org\/{rel}","templated":true}]}}