{"id":3,"date":"2021-07-14T15:04:29","date_gmt":"2021-07-14T15:04:29","guid":{"rendered":"http:\/\/shop.kiirasinstruments.com\/?page_id=3"},"modified":"2024-01-05T11:57:55","modified_gmt":"2024-01-05T11:57:55","slug":"privacy-policy","status":"publish","type":"page","link":"https:\/\/shop.kiirasinstruments.com\/fi\/privacy-policy\/","title":{"rendered":"Yksityisyysehdot"},"content":{"rendered":"<p style=\"text-align: center;\"><strong>Yleist\u00e4<br \/><\/strong>T:mi Simo Iiskola (y-tunnus 2490667-5) tarjoama palvelu shop.kiirasinstruments.com &#038; kiirashaka.fi (jatkossa Verkkopalvelu).<\/p>\n<p style=\"text-align: center;\">Verkkopalvelu on aina avoinna, pois lukien mahdolliset tekniikasta johtuvat palvelukatkokset. Verkkopalvelu ei vastaa ongelmista, jotka johtuvat k\u00e4ytt\u00e4j\u00e4n omasta tietoliikenneyhteydest\u00e4 tai h\u00e4nen k\u00e4ytt\u00e4m\u00e4st\u00e4\u00e4n tietokoneesta. Verkkopalvelu on optimoitu toimimaan yleisimmill\u00e4 selaimilla.<\/p>\n<p style=\"text-align: center;\"><strong>Hinnat<\/strong><br \/>Verkkopalvelun tuotteiden hintojen valuuttana on Euro (\u20ac) ja hinnat sis\u00e4lt\u00e4v\u00e4t arvonlis\u00e4veron. Pid\u00e4t\u00e4mme oikeuden hintojen ja toimitusehtojen muutoksiin.<\/p>\n<p style=\"text-align: center;\"><strong>Asiakaspalvelu<\/strong><br \/>Voit ottaa yhteytt\u00e4 s\u00e4hk\u00f6postitse kiiras@kiirasinstruments.com.<\/p>\n<p style=\"text-align: center;\"><strong>Maksupalvelutarjoaja<\/strong><br \/>Maksunv\u00e4lityspalvelun toteuttajana ja maksupalveluntarjoajana toimii Paytrail Oyj (2122839-7) yhteisty\u00f6ss\u00e4 suomalaisten pankkien ja luottolaitosten kanssa. Paytrail Oyj n\u00e4kyy maksun saajana tiliotteella tai korttilaskulla ja v\u00e4litt\u00e4\u00e4 maksun kauppiaalle. Paytrail Oyj:ll\u00e4 on maksulaitoksen toimilupa. Reklamaatiotapauksissa pyyd\u00e4mme ottamaan ensisijaisesti yhteytt\u00e4 tuotteen toimittajaan.<\/p>\n<p style=\"text-align: center;\">Paytrail Oyj, y-tunnus: <span id=\"hs_cos_wrapper_flexible_container\" class=\"hs_cos_wrapper hs_cos_wrapper_widget_container hs_cos_wrapper_type_widget_container\" data-hs-cos-general-type=\"widget_container\" data-hs-cos-type=\"widget_container\">2122839-7<br \/>www.paytrail.com<br \/><\/span><\/p>\n<p style=\"text-align: center;\"><strong>Asiakastiedot<\/strong><br \/>Antamanne asiakastiedot ovat ainoastaan Verkkopalvelun ja asiakkaan v\u00e4liseen yhteydenpitoon eik\u00e4 niit\u00e4 luovuteta kolmansille osapuolille. Eri maksutavoissa kysytt\u00e4v\u00e4t maksutiedot tallentuvat ainoastaan pankille tai luottoyhti\u00f6lle, ei Verkkopalvelulle eik\u00e4 kenellek\u00e4\u00e4n muulle kolmannelle osapuolelle.<\/p>\n<p style=\"text-align: center;\"><strong>Toimitusaika<br \/><\/strong>Verkkokaupan tuotteet l\u00e4hetet\u00e4\u00e4n asiakkaalle 1-3 p\u00e4iv\u00e4n kuluessa maksusta.<\/p>\n<h1 class=\"wp-block-heading\" style=\"text-align: center;\">Tietosuojaseloste<\/h1>\n<p style=\"text-align: center;\">1. Rekisterinpit\u00e4j\u00e4<br \/>T:mi Simo Iiskola<br \/>Y-tunnus 2490667-5<br \/>S\u00e4kkitie 13, 40320 Jyv\u00e4skyl\u00e4<br \/>kiiras@kiirasinstruments.com<\/p>\n<p style=\"text-align: center;\">2. Rekisterin nimi<br \/>Kiirassoitin-rekisteri<\/p>\n<p style=\"text-align: center;\">3. Henkil\u00f6tietojen k\u00e4ytt\u00f6tarkoitus<br \/>Henkil\u00f6tietoja k\u00e4ytet\u00e4\u00e4n verkkokauppa-asioinnissa. Henkil\u00f6tietoja ei luovuteta eteenp\u00e4in.<\/p>\n<p style=\"text-align: center;\">4. Rekisteri sis\u00e4lt\u00e4\u00e4 seuraavia tietoja:<br \/>\u2013 Nimi, yhteystiedot (mahdollinen osoite, puhelinnumero ja s\u00e4hk\u00f6postiosoite)<br \/>\u2013 Mahdolliset laskutustiedot<br \/>\u2013 S\u00e4hk\u00f6isten palveluiden ja sis\u00e4lt\u00f6jen hy\u00f6dynt\u00e4mist\u00e4 koskevat tiedot, selaimen l\u00e4hett\u00e4m\u00e4t tekniset tiedot (esim. IP-osoite, selain, selainversio, sivu, jolta rekister\u00f6ity on siirtynyt sivuillemme) sek\u00e4 ev\u00e4steet ja niihin liittyv\u00e4t tiedot<\/p>\n<p style=\"text-align: center;\">5. Rekisterin tietol\u00e4hteet, luovuttaminen ja suojaus<br \/>Tiedot ker\u00e4t\u00e4\u00e4n verkkopalvelun k\u00e4ytt\u00e4j\u00e4lt\u00e4 itselt\u00e4\u00e4n. Tietoja ei luovuteta eteenp\u00e4in. Tiedot sijaitsevat palomuurilla ja kirjautumisen taakse suojatussa palvelussa.<\/p>\n<p style=\"text-align: center;\">6. Tietojen tarkastus-, korjaus- ja kielto-oikeus<br \/>Rekisteriss\u00e4 olevalla on oikeus tarkastaa, mit\u00e4 tietoja h\u00e4nest\u00e4 on talletettu. Teemme pyynn\u00f6st\u00e4 tarvittavat korjaukset ja t\u00e4ydennykset tai poistamme palvelun kannalta tarpeettomat tiedot. Tietojen tarkastus ja p\u00e4ivitys tapahtuu ottamalla yhteytt\u00e4 asiakaspalveluun.<\/p>\n<p style=\"text-align: center;\">7. Rekisterin muutokset<br \/>Tmi \u00c4\u00e4niMika pid\u00e4tt\u00e4\u00e4 oikeudet t\u00e4m\u00e4n tietosuojaselosteen muutoksiin palvelujen kehitt\u00e4misen niin vaatiessa.<\/p>\n<h1 class=\"wp-block-heading\" style=\"text-align: center;\">Tuotteiden palautusoikeus<\/h1>\n<p style=\"text-align: center;\">Tuotteilla on kuluttajasuojalain mukainen 14vkr et\u00e4myynti\u00e4 koskeva palautusoikeus.<\/p>\n","protected":false},"excerpt":{"rendered":"<p>Yleist\u00e4T:mi Simo Iiskola (y-tunnus 2490667-5) tarjoama palvelu shop.kiirasinstruments.com &#038; kiirashaka.fi (jatkossa Verkkopalvelu). Verkkopalvelu on aina avoinna, pois lukien mahdolliset tekniikasta johtuvat palvelukatkokset.<span class=\"more-button\"><a href=\"https:\/\/shop.kiirasinstruments.com\/fi\/privacy-policy\/\" class=\"more-link more-icon\">Continue reading<span class=\"screen-reader-text\">Yksityisyysehdot<\/span><\/a><\/span><\/p>\n","protected":false},"author":1,"featured_media":0,"parent":0,"menu_order":0,"comment_status":"closed","ping_status":"open","template":"","meta":{"footnotes":""},"class_list":["post-3","page","type-page","status-publish","hentry"],"aioseo_notices":[],"jetpack_sharing_enabled":true,"_links":{"self":[{"href":"https:\/\/shop.kiirasinstruments.com\/fi\/wp-json\/wp\/v2\/pages\/3","targetHints":{"allow":["GET"]}}],"collection":[{"href":"https:\/\/shop.kiirasinstruments.com\/fi\/wp-json\/wp\/v2\/pages"}],"about":[{"href":"https:\/\/shop.kiirasinstruments.com\/fi\/wp-json\/wp\/v2\/types\/page"}],"author":[{"embeddable":true,"href":"https:\/\/shop.kiirasinstruments.com\/fi\/wp-json\/wp\/v2\/users\/1"}],"replies":[{"embeddable":true,"href":"https:\/\/shop.kiirasinstruments.com\/fi\/wp-json\/wp\/v2\/comments?post=3"}],"version-history":[{"count":10,"href":"https:\/\/shop.kiirasinstruments.com\/fi\/wp-json\/wp\/v2\/pages\/3\/revisions"}],"predecessor-version":[{"id":1407,"href":"https:\/\/shop.kiirasinstruments.com\/fi\/wp-json\/wp\/v2\/pages\/3\/revisions\/1407"}],"wp:attachment":[{"href":"https:\/\/shop.kiirasinstruments.com\/fi\/wp-json\/wp\/v2\/media?parent=3"}],"curies":[{"name":"wp","href":"https:\/\/api.w.org\/{rel}","templated":true}]}}