{"id":291,"date":"2022-11-13T14:15:31","date_gmt":"2022-11-13T14:15:31","guid":{"rendered":"https:\/\/shop.kiirasinstruments.com\/?page_id=291"},"modified":"2024-01-05T11:56:42","modified_gmt":"2024-01-05T11:56:42","slug":"refund_returns","status":"publish","type":"page","link":"https:\/\/shop.kiirasinstruments.com\/fi\/refund_returns\/","title":{"rendered":"Palautus- ja kaupanperuutusehdot"},"content":{"rendered":"<div class=\"layout layout-textblock \">\n<div class=\"container container--layout keep-vertical-spacing\">\n<header>\n<div class=\"container container--content container--gapless\">\n<h4 class=\"mt-0 mb-6\" style=\"text-align: center;\">Pe\u00adruut\u00adta\u00admi\u00adnen ja pa\u00adlaut\u00adta\u00admi\u00adnen ko\u00adti\u00admyyn\u00adnis\u00ads\u00e4<\/h4>\n<p class=\"has-text-lead mb-6\" style=\"text-align: center;\">Tuotteilla on 14 p\u00e4iv\u00e4n peruuttamisoikeus, jonka kuluessa voit perua kaupan ilman erityist\u00e4 syyt\u00e4. Peruuttamisoikeuteen on kuitenkin tiettyj\u00e4 poikkeuksia.<\/p>\n<\/div>\n<\/header>\n<h4 style=\"text-align: center;\">Ko\u00adti\u00admyyn\u00adti\u00adkau\u00adpan pe\u00adruut\u00adta\u00admi\u00adsil\u00admoi\u00adtus<\/h4>\n<p style=\"text-align: center;\">Voit\u00a0peruuttaa kaupan\u00a0peruuttamisaikana\u00a0syyt\u00e4 ilmoittamatta. Pelkk\u00e4 tavaran palauttaminen\u00a0ei\u00a0riit\u00e4, vaan peruuttamisesta tulee ilmoittaa myyj\u00e4lle peruuttamislomakkeella tai\u00a0esimerkiksi\u00a0s\u00e4hk\u00f6postilla.\u00a0Myyj\u00e4n\u00a0pit\u00e4\u00e4 antaa sinulle\u00a0peruuttamislomake ja muu ohjeistus kaupan\u00a0peruuttamisesta ennen sopimuksen tekoa. Sinun on tarvittaessa voitava osoittaa, ett\u00e4 peruuttamisilmoitus on tehty.<\/p>\n<p style=\"text-align: center;\">Palauttaessasi tuotteita ota yhteytt\u00e4 kiiras@kiirasinstruments.com<\/p>\n<h4 style=\"text-align: center;\">Pe\u00adruut\u00adta\u00admi\u00adnen pe\u00adruut\u00adta\u00admi\u00adsa\u00adjan j\u00e4l\u00adkeen tai pe\u00adruut\u00adta\u00admi\u00adsoi\u00adkeu\u00adden puut\u00adtues\u00adsa<\/h4>\n<p style=\"text-align: center;\">L\u00e4ht\u00f6kohtaisesti sopimukset sitovat kumpaakin osapuolta.\u00a0Voit perua tavaran tai palvelun tilauksen ennen sen luovutusta, vaikka peruuttamisoikeutta ei olisikaan, mutta silloin\u00a0kyseess\u00e4 on sopimuksen rikkominen. Se ei kuitenkaan tarkoita, ett\u00e4 myyj\u00e4ll\u00e4 olisi oikeutta pysy\u00e4 sopimuksessa ja vaatia kauppahinnan\u00a0maksamista. Sen sijaan myyj\u00e4ll\u00e4 on oikeus korvaukseen h\u00e4nelle aiheutuneesta vahingosta.<\/p>\n<\/div>\n<\/div>\n<div class=\"layout layout-textblock \" style=\"text-align: center;\">\n<div class=\"container container--layout keep-vertical-spacing\">\n<h4>Ta\u00adva\u00adran pa\u00adlaut\u00adta\u00admi\u00adnen<\/h4>\n<p>Jos peruutat kotimyyntisopimuksen, sinun on palautettava tavara viivytyksett\u00e4 ja viimeist\u00e4\u00e4n 14 p\u00e4iv\u00e4n kuluttua peruuttamisilmoituksen tekemisest\u00e4, jollei myyj\u00e4 ole sitoutunut noutamaan tavaraa itse.<\/p>\n<p>Sinun tulee maksaa\u00a0kotimyynniss\u00e4 ostamasi\u00a0tavaroiden palauttamisesta johtuvat v\u00e4litt\u00f6m\u00e4t kulut, jollei myyj\u00e4 ole sitoutunut vastaamaan niist\u00e4.\u00a0Jos tavarat on toimitettu kotiisi\u00a0sopimuksenteon yhteydess\u00e4, myyj\u00e4n on kuitenkin noudettava tavarat omalla kustannuksellaan, jos tavarat eiv\u00e4t ole luonteensa, kuten kokonsa tai painonsa vuoksi palautettavissa\u00a0helposti\u00a0postitse.<\/p>\n<\/div>\n<\/div>\n<div class=\"layout layout-textblock \">\n<div class=\"container container--layout keep-vertical-spacing\">\n<h4 style=\"text-align: center;\">Mak\u00adsun pa\u00adlaut\u00adta\u00admi\u00adnen<\/h4>\n<p style=\"text-align: center;\">Myyj\u00e4n on viivytyksett\u00e4 ja viimeist\u00e4\u00e4n 14 p\u00e4iv\u00e4n kuluttua peruuttamisilmoituksen saatuaan palautettava\u00a0maksamasi rahat lukuun ottamatta ylim\u00e4\u00e4r\u00e4isi\u00e4 kustannuksia, jotka ovat aiheutuneet\u00a0valitsemastasi\u00a0muusta kuin myyj\u00e4n tarjoamasta edullisimmasta toimitustavasta.<\/p>\n<p style=\"text-align: center;\">Myyj\u00e4ll\u00e4 on kuitenkin oikeus pid\u00e4tty\u00e4 maksujen palautuksesta, kunnes h\u00e4n on saanut tavaran takaisin tai kunnes\u00a0olet osoittanut\u00a0esimerkiksi palautuskuitilla\u00a0l\u00e4hett\u00e4neesi\u00a0tavaran takaisin, ellei myyj\u00e4 ole velvollinen noutamaan tavaraa itse.<\/p>\n<\/div>\n<\/div>\n","protected":false},"excerpt":{"rendered":"<p>Pe\u00adruut\u00adta\u00admi\u00adnen ja pa\u00adlaut\u00adta\u00admi\u00adnen ko\u00adti\u00admyyn\u00adnis\u00ads\u00e4 Tuotteilla on 14 p\u00e4iv\u00e4n peruuttamisoikeus, jonka kuluessa voit perua kaupan ilman erityist\u00e4 syyt\u00e4. Peruuttamisoikeuteen on kuitenkin tiettyj\u00e4 poikkeuksia.<span class=\"more-button\"><a href=\"https:\/\/shop.kiirasinstruments.com\/fi\/refund_returns\/\" class=\"more-link more-icon\">Continue reading<span class=\"screen-reader-text\">Palautus- ja kaupanperuutusehdot<\/span><\/a><\/span><\/p>\n","protected":false},"author":1,"featured_media":0,"parent":0,"menu_order":0,"comment_status":"closed","ping_status":"closed","template":"","meta":{"footnotes":""},"class_list":["post-291","page","type-page","status-publish","hentry"],"aioseo_notices":[],"jetpack_sharing_enabled":true,"_links":{"self":[{"href":"https:\/\/shop.kiirasinstruments.com\/fi\/wp-json\/wp\/v2\/pages\/291","targetHints":{"allow":["GET"]}}],"collection":[{"href":"https:\/\/shop.kiirasinstruments.com\/fi\/wp-json\/wp\/v2\/pages"}],"about":[{"href":"https:\/\/shop.kiirasinstruments.com\/fi\/wp-json\/wp\/v2\/types\/page"}],"author":[{"embeddable":true,"href":"https:\/\/shop.kiirasinstruments.com\/fi\/wp-json\/wp\/v2\/users\/1"}],"replies":[{"embeddable":true,"href":"https:\/\/shop.kiirasinstruments.com\/fi\/wp-json\/wp\/v2\/comments?post=291"}],"version-history":[{"count":12,"href":"https:\/\/shop.kiirasinstruments.com\/fi\/wp-json\/wp\/v2\/pages\/291\/revisions"}],"predecessor-version":[{"id":1405,"href":"https:\/\/shop.kiirasinstruments.com\/fi\/wp-json\/wp\/v2\/pages\/291\/revisions\/1405"}],"wp:attachment":[{"href":"https:\/\/shop.kiirasinstruments.com\/fi\/wp-json\/wp\/v2\/media?parent=291"}],"curies":[{"name":"wp","href":"https:\/\/api.w.org\/{rel}","templated":true}]}}