{"id":199,"date":"2021-07-17T12:38:29","date_gmt":"2021-07-17T12:38:29","guid":{"rendered":"https:\/\/34.88.164.161\/?post_type=product&#038;p=199"},"modified":"2024-11-28T07:10:57","modified_gmt":"2024-11-28T07:10:57","slug":"dunlop-straplok-dual-design","status":"publish","type":"product","link":"https:\/\/shop.kiirasinstruments.com\/en\/product\/dunlop-straplok-dual-design\/","title":{"rendered":"Dunlop Straplok Dual Design"},"content":{"rendered":"<p>Dunlop Dual Design hihnalukot<\/p>\n<ul>\n<li>Dual Design toimii sek\u00e4 perinteisen\u00e4 hihnatappina (hihnaan ei tarvitse vastakappaleita), ett\u00e4 hihnalukkona (hihnassa mukana tulevat vastakappaleet)<\/li>\n<li>Valmistettu Kaliforniassa, Yhdysvalloissa.<\/li>\n<li>Kiiras Instruments ensiasennushihnalukko jo vuosia.<\/li>\n<li>Lukot tilattavissa, toimitusaika varastotilanteesta riippuen 1-5 vrk.\n<ul>\n<li>Otan yhteytt\u00e4 mik\u00e4li pidempi toimitusaika riippuen esim. maahantuojan varastosta.<\/li>\n<\/ul>\n<\/li>\n<li>Valmistajan sivut:\n<ul>\n<li><a href=\"https:\/\/www.jimdunlop.com\/\" target=\"_blank\" rel=\"noopener\">www.jimdunlop.com<\/a><\/li>\n<\/ul>\n<\/li>\n<\/ul>\n","protected":false},"excerpt":{"rendered":"<p><span class=\"more-button\"><a href=\"https:\/\/shop.kiirasinstruments.com\/en\/product\/dunlop-straplok-dual-design\/\" class=\"more-link more-icon\">Continue reading<span class=\"screen-reader-text\">Dunlop Straplok Dual Design<\/span><\/a><\/span><\/p>\n","protected":false},"featured_media":387,"comment_status":"open","ping_status":"closed","template":"","meta":[],"product_brand":[],"product_cat":[23,21],"product_tag":[],"class_list":{"0":"post-199","1":"product","2":"type-product","3":"status-publish","4":"has-post-thumbnail","6":"product_cat-straplocks","7":"product_cat-guitar-accessories","8":"product_shipping_class-posti-postipaketti","10":"first","11":"instock","12":"taxable","13":"shipping-taxable","14":"purchasable","15":"product-type-variable"},"aioseo_notices":[],"jetpack_sharing_enabled":true,"_links":{"self":[{"href":"https:\/\/shop.kiirasinstruments.com\/en\/wp-json\/wp\/v2\/product\/199","targetHints":{"allow":["GET"]}}],"collection":[{"href":"https:\/\/shop.kiirasinstruments.com\/en\/wp-json\/wp\/v2\/product"}],"about":[{"href":"https:\/\/shop.kiirasinstruments.com\/en\/wp-json\/wp\/v2\/types\/product"}],"replies":[{"embeddable":true,"href":"https:\/\/shop.kiirasinstruments.com\/en\/wp-json\/wp\/v2\/comments?post=199"}],"wp:featuredmedia":[{"embeddable":true,"href":"https:\/\/shop.kiirasinstruments.com\/en\/wp-json\/wp\/v2\/media\/387"}],"wp:attachment":[{"href":"https:\/\/shop.kiirasinstruments.com\/en\/wp-json\/wp\/v2\/media?parent=199"}],"wp:term":[{"taxonomy":"product_brand","embeddable":true,"href":"https:\/\/shop.kiirasinstruments.com\/en\/wp-json\/wp\/v2\/product_brand?post=199"},{"taxonomy":"product_cat","embeddable":true,"href":"https:\/\/shop.kiirasinstruments.com\/en\/wp-json\/wp\/v2\/product_cat?post=199"},{"taxonomy":"product_tag","embeddable":true,"href":"https:\/\/shop.kiirasinstruments.com\/en\/wp-json\/wp\/v2\/product_tag?post=199"}],"curies":[{"name":"wp","href":"https:\/\/api.w.org\/{rel}","templated":true}]}}