{"id":1316,"date":"2023-12-13T11:18:12","date_gmt":"2023-12-13T11:18:12","guid":{"rendered":"https:\/\/shop.kiirasinstruments.com\/?post_type=product&#038;p=1316"},"modified":"2023-12-13T11:45:33","modified_gmt":"2023-12-13T11:45:33","slug":"otenauha-ruostumaton-teras-blacksmith-dhp-29hs","status":"publish","type":"product","link":"https:\/\/shop.kiirasinstruments.com\/en\/product\/otenauha-ruostumaton-teras-blacksmith-dhp-29hs\/","title":{"rendered":"Otenauha &#8211; Jumbo &#8211; Ruostumaton Ter\u00e4s &#8211; DHP-29HS"},"content":{"rendered":"<p>Blacksmith otenauhamateriaali<\/p>\n<ul>\n<li>Ruostumaton ter\u00e4s<\/li>\n<li>Koko 2.9mm x 1.4mm\n<ul>\n<li>Ruoto 0.6mm<\/li>\n<\/ul>\n<\/li>\n<li>Taivutettu R10&#8243; (250mm, s\u00e4demitta) kaarelle<\/li>\n<li><a href=\"http:\/\/www.blacksmithstrings.com\/products\/read.jsp?reqPageNo=1&#038;shospital_fk=5&#038;no=786\" target=\"_blank\" rel=\"noopener\">Lis\u00e4tiedot valmistajan kotisivuilta<\/a><\/li>\n<li>Sis\u00e4lt\u00e4\u00e4 6 \/ 7 \/ 8kpl \u00e1 250mm pituudet,\n<ul>\n<li>6kpl Riitt\u00e4\u00e4 yhteen 24 nauhaiseen 6-kieliseen kitaraan<\/li>\n<\/ul>\n<\/li>\n<\/ul>\n","protected":false},"excerpt":{"rendered":"<p><span class=\"more-button\"><a href=\"https:\/\/shop.kiirasinstruments.com\/en\/product\/otenauha-ruostumaton-teras-blacksmith-dhp-29hs\/\" class=\"more-link more-icon\">Continue reading<span class=\"screen-reader-text\">Otenauha &#8211; Jumbo &#8211; Ruostumaton Ter\u00e4s &#8211; DHP-29HS<\/span><\/a><\/span><\/p>\n","protected":false},"featured_media":1317,"comment_status":"open","ping_status":"closed","template":"","meta":[],"product_brand":[],"product_cat":[84,55],"product_tag":[],"class_list":{"0":"post-1316","1":"product","2":"type-product","3":"status-publish","4":"has-post-thumbnail","6":"product_cat-osat-hardware","7":"product_cat-soitinrakennustarvikkeet","8":"product_shipping_class-kirje","10":"first","11":"instock","12":"taxable","13":"shipping-taxable","14":"purchasable","15":"product-type-variable"},"aioseo_notices":[],"jetpack_sharing_enabled":true,"_links":{"self":[{"href":"https:\/\/shop.kiirasinstruments.com\/en\/wp-json\/wp\/v2\/product\/1316","targetHints":{"allow":["GET"]}}],"collection":[{"href":"https:\/\/shop.kiirasinstruments.com\/en\/wp-json\/wp\/v2\/product"}],"about":[{"href":"https:\/\/shop.kiirasinstruments.com\/en\/wp-json\/wp\/v2\/types\/product"}],"replies":[{"embeddable":true,"href":"https:\/\/shop.kiirasinstruments.com\/en\/wp-json\/wp\/v2\/comments?post=1316"}],"wp:featuredmedia":[{"embeddable":true,"href":"https:\/\/shop.kiirasinstruments.com\/en\/wp-json\/wp\/v2\/media\/1317"}],"wp:attachment":[{"href":"https:\/\/shop.kiirasinstruments.com\/en\/wp-json\/wp\/v2\/media?parent=1316"}],"wp:term":[{"taxonomy":"product_brand","embeddable":true,"href":"https:\/\/shop.kiirasinstruments.com\/en\/wp-json\/wp\/v2\/product_brand?post=1316"},{"taxonomy":"product_cat","embeddable":true,"href":"https:\/\/shop.kiirasinstruments.com\/en\/wp-json\/wp\/v2\/product_cat?post=1316"},{"taxonomy":"product_tag","embeddable":true,"href":"https:\/\/shop.kiirasinstruments.com\/en\/wp-json\/wp\/v2\/product_tag?post=1316"}],"curies":[{"name":"wp","href":"https:\/\/api.w.org\/{rel}","templated":true}]}}